{"id":79,"date":"2020-06-21T11:26:38","date_gmt":"2020-06-21T11:26:38","guid":{"rendered":"https:\/\/reytokyo.com\/wp\/product\/hydrating-serum\/"},"modified":"2025-12-12T19:11:59","modified_gmt":"2025-12-12T19:11:59","slug":"hydrating-serum","status":"publish","type":"product","link":"https:\/\/reytokyo.com\/de\/products\/hydrating-serum\/","title":{"rendered":"Feuchtigkeitsserum"},"content":{"rendered":"<p>Dieses Zwei-in-Eins-Produkt kombiniert eine Feuchtigkeitscreme mit einem Serum. Durch die reichhaltigen Inhaltsstoffe versorgt das Serum Ihre Haut mit Feuchtigkeit und bringt sie in ihr nat\u00fcrliches Gleichgewicht. Es unterst\u00fctzt die Vitalit\u00e4t der Zellkerne und verbessert die Anpassungsf\u00e4higkeit der Haut an Umweltver\u00e4nderungen.<br \/>\nEs besteht aus luxuri\u00f6sen Inhaltsstoffen wie reines Kameliensamen\u00f6l, Reiskleieextrakt und kultivierten Mooszellen \u2013 MossCellTec\u2122 No. 1 (Isomalt und Phytol)*.\n<\/p>\n<p>&nbsp;<\/p>\n<p>*Weitere Informationen \u00fcber MossCellTec No.1 finden Sie auf der <a class=\"underline\" href=\"https:\/\/mibellebiochemistry.com\/mosscelltectm-no-1\" target=\"_blank\" rel=\"noopener noreferrer\">Homepage von Mibelle AG Biochemistry<\/a>.<\/p>\n","protected":false},"excerpt":{"rendered":"<p>Dieses Zwei-in-Eins-Produkt kombiniert eine Feuchtigkeitscreme mit einem Serum. Durch die reichhaltigen Inhaltsstoffe versorgt das Serum Ihre Haut mit Feuchtigkeit und bringt sie in ihr nat\u00fcrliches Gleichgewicht. Es unterst\u00fctzt die Vitalit\u00e4t der Zellkerne und verbessert die Anpassungsf\u00e4higkeit der Haut an Umweltver\u00e4nderungen. Es besteht aus luxuri\u00f6sen Inhaltsstoffen wie reines Kameliensamen\u00f6l, Reiskleieextrakt und kultivierten Mooszellen \u2013 MossCellTec\u2122 No. [&hellip;]<\/p>\n","protected":false},"featured_media":633,"template":"","meta":{"_acf_changed":false},"class_list":["post-79","product","type-product","status-publish","has-post-thumbnail","hentry","product_cat-anti-aging-serum-de","product_shipping_class-flat_rate_shipping_fee-de"],"acf":[],"_links":{"self":[{"href":"https:\/\/reytokyo.com\/de\/wp-json\/wp\/v2\/product\/79"}],"collection":[{"href":"https:\/\/reytokyo.com\/de\/wp-json\/wp\/v2\/product"}],"about":[{"href":"https:\/\/reytokyo.com\/de\/wp-json\/wp\/v2\/types\/product"}],"wp:featuredmedia":[{"embeddable":true,"href":"https:\/\/reytokyo.com\/de\/wp-json\/wp\/v2\/media\/633"}],"wp:attachment":[{"href":"https:\/\/reytokyo.com\/de\/wp-json\/wp\/v2\/media?parent=79"}],"curies":[{"name":"wp","href":"https:\/\/api.w.org\/{rel}","templated":true}]}}